{"id":41,"date":"2013-10-31T10:33:36","date_gmt":"2013-10-31T10:33:36","guid":{"rendered":"http:\/\/www.kayseridavetiye.net\/?page_id=41"},"modified":"2017-05-04T07:37:13","modified_gmt":"2017-05-04T07:37:13","slug":"iletisim","status":"publish","type":"page","link":"https:\/\/www.kayseridavetiye.net\/?page_id=41","title":{"rendered":"\u0130leti\u015fim"},"content":{"rendered":"<h2>\u00a0Kayseri&#8217;nin Her B\u00f6lgesine G\u00f6nderiyoruz Hem de \u00c7ok Uygun Fiyatlarla<\/h2>\n<p>Bursa&#8217;dan Kayseri&#8217;ye 2 G\u00fcnde Kargo<\/p>\n","protected":false},"excerpt":{"rendered":"<p>\u00a0Kayseri&#8217;nin Her B\u00f6lgesine G\u00f6nderiyoruz Hem de \u00c7ok Uygun Fiyatlarla Bursa&#8217;dan Kayseri&#8217;ye 2 G\u00fcnde Kargo<\/p>\n","protected":false},"author":1,"featured_media":0,"parent":0,"menu_order":0,"comment_status":"open","ping_status":"open","template":"","meta":{"footnotes":""},"class_list":["post-41","page","type-page","status-publish","hentry"],"_links":{"self":[{"href":"https:\/\/www.kayseridavetiye.net\/index.php?rest_route=\/wp\/v2\/pages\/41","targetHints":{"allow":["GET"]}}],"collection":[{"href":"https:\/\/www.kayseridavetiye.net\/index.php?rest_route=\/wp\/v2\/pages"}],"about":[{"href":"https:\/\/www.kayseridavetiye.net\/index.php?rest_route=\/wp\/v2\/types\/page"}],"author":[{"embeddable":true,"href":"https:\/\/www.kayseridavetiye.net\/index.php?rest_route=\/wp\/v2\/users\/1"}],"replies":[{"embeddable":true,"href":"https:\/\/www.kayseridavetiye.net\/index.php?rest_route=%2Fwp%2Fv2%2Fcomments&post=41"}],"version-history":[{"count":0,"href":"https:\/\/www.kayseridavetiye.net\/index.php?rest_route=\/wp\/v2\/pages\/41\/revisions"}],"wp:attachment":[{"href":"https:\/\/www.kayseridavetiye.net\/index.php?rest_route=%2Fwp%2Fv2%2Fmedia&parent=41"}],"curies":[{"name":"wp","href":"https:\/\/api.w.org\/{rel}","templated":true}]}}